{"id":8,"date":"2014-09-19T04:56:23","date_gmt":"2014-09-19T02:56:23","guid":{"rendered":"http:\/\/162631.webhosting63.1blu.de\/bab\/?page_id=8"},"modified":"2026-03-15T23:52:29","modified_gmt":"2026-03-15T21:52:29","slug":"impressum","status":"publish","type":"page","link":"http:\/\/www.paris-chic.de\/?page_id=8","title":{"rendered":"Impressum"},"content":{"rendered":"<p><strong><span class=\"Stil1\">Impressum<\/span><\/strong><\/p>\n<p align=\"justify\"><strong>Paris chic<\/strong><\/p>\n<p align=\"justify\"><strong>Haar design &amp; Kosmetik<br \/>\n<\/strong>by Babak Babaei<br \/>\nBonner Str.457<\/p>\n<p align=\"justify\">50968 K\u00f6ln-Marienburg<\/p>\n<p align=\"justify\">Tel: 0221-70007272<\/p>\n<p align=\"justify\"><strong>Technische Umsetzung<\/strong><\/p>\n<p>J. Kucharczyk-Gentsch<br \/>\nBergstr. 2<br \/>\n08371 Glauchau<br \/>\n<a href=\"http:\/\/www.shootart-media.com\">www.shootart-media.com<\/a><\/p>\n<p align=\"justify\">Webmaster:<a class=\"Stil5\" href=\"mailto:info@shootart.de%20\">\u00a0info@shootart.de<\/a><\/p>\n<p align=\"justify\"><strong>Inhaltlich Verantwortlicher gem\u00e4\u00df \u00a76 MDStV:\u00a0<\/strong>Babak Babaei<\/p>\n<div align=\"justify\">\n<p><strong>Haftungshinweis:\u00a0<\/strong>Wir erkl\u00e4ren hiermit ausdr\u00fccklich, dass zum Zeitpunkt der Linksetzung keine illegalen Inhalte auf den von uns verlinkten externen Seiten erkennbar waren. Auf die aktuelle und zuk\u00fcnftige Gestaltung, die Inhalte oder die Urheberschaft der gelinkten\/verkn\u00fcpften Seiten haben wir keinerlei Einfluss. Deshalb distanzieren wir uns ausdr\u00fccklich von allen Inhalten aller gelinkten\/verkn\u00fcpften Seiten, die nach der Linksetzung ver\u00e4ndert wurden. Diese Feststellung gilt f\u00fcr alle innerhalb des eigenen Internetangebotes gesetzten Links und Verweise. F\u00fcr illegale, fehlerhafte oder unvollst\u00e4ndige Inhalte und insbesondere f\u00fcr Sch\u00e4den, die aus der Nutzung oder Nichtnutzung solcherart dargebotener Informationen entstehen, haftet allein der Anbieter der Seite, auf welche verwiesen wurde.<\/p>\n<\/div>\n","protected":false},"excerpt":{"rendered":"<p>Impressum Paris chic Haar design &amp; Kosmetik by Babak Babaei Bonner Str.457 50968 K\u00f6ln-Marienburg Tel: 0221-70007272 Technische Umsetzung J. Kucharczyk-Gentsch Bergstr. 2 08371 Glauchau www.shootart-media.com Webmaster:\u00a0info@shootart.de Inhaltlich Verantwortlicher gem\u00e4\u00df \u00a76 MDStV:\u00a0Babak Babaei Haftungshinweis:\u00a0Wir erkl\u00e4ren hiermit ausdr\u00fccklich, dass zum Zeitpunkt der Linksetzung keine illegalen Inhalte auf den von uns verlinkten externen&hellip; <\/p>\n","protected":false},"author":1,"featured_media":0,"parent":0,"menu_order":0,"comment_status":"open","ping_status":"open","template":"","meta":{"footnotes":""},"class_list":["post-8","page","type-page","status-publish","hentry"],"_links":{"self":[{"href":"http:\/\/www.paris-chic.de\/index.php?rest_route=\/wp\/v2\/pages\/8","targetHints":{"allow":["GET"]}}],"collection":[{"href":"http:\/\/www.paris-chic.de\/index.php?rest_route=\/wp\/v2\/pages"}],"about":[{"href":"http:\/\/www.paris-chic.de\/index.php?rest_route=\/wp\/v2\/types\/page"}],"author":[{"embeddable":true,"href":"http:\/\/www.paris-chic.de\/index.php?rest_route=\/wp\/v2\/users\/1"}],"replies":[{"embeddable":true,"href":"http:\/\/www.paris-chic.de\/index.php?rest_route=%2Fwp%2Fv2%2Fcomments&post=8"}],"version-history":[{"count":5,"href":"http:\/\/www.paris-chic.de\/index.php?rest_route=\/wp\/v2\/pages\/8\/revisions"}],"predecessor-version":[{"id":183,"href":"http:\/\/www.paris-chic.de\/index.php?rest_route=\/wp\/v2\/pages\/8\/revisions\/183"}],"wp:attachment":[{"href":"http:\/\/www.paris-chic.de\/index.php?rest_route=%2Fwp%2Fv2%2Fmedia&parent=8"}],"curies":[{"name":"wp","href":"https:\/\/api.w.org\/{rel}","templated":true}]}}