{"id":13,"date":"2014-09-19T15:37:31","date_gmt":"2014-09-19T13:37:31","guid":{"rendered":"http:\/\/162631.webhosting63.1blu.de\/bab\/?page_id=13"},"modified":"2026-03-17T11:36:15","modified_gmt":"2026-03-17T09:36:15","slug":"home","status":"publish","type":"page","link":"http:\/\/www.paris-chic.de\/","title":{"rendered":"Home"},"content":{"rendered":"<p><span class=\"Apple-style-span\"><strong><a href=\"http:\/\/162631.webhosting63.1blu.de\/bab\/wp-content\/uploads\/2014\/09\/home.jpg\"><img loading=\"lazy\" decoding=\"async\" class=\"alignleft wp-image-15 size-medium\" src=\"http:\/\/162631.webhosting63.1blu.de\/bab\/wp-content\/uploads\/2014\/09\/home-187x300.jpg\" alt=\"beauty\" width=\"187\" height=\"300\" \/><\/a>Unsere Philosophie<\/strong><br \/>\nJeder ist einmalig. Die Kunst besteht darin, diese Einzigartigkeit sichtbar zu machen. Entdecken Sie Ihren ganz pers\u00f6nlichen Ausdruck und bekennen Sie Farbe! Mit unserer speziell entwickelten Farbtechnik kreieren wir Haarfarben, die perfekt zu Ihrem Farbtyp passen. Wir setzen die richtigen Akzente und finden einen Haarschnitt, der Ihrer Gesichtsform und Ihrem K\u00f6rper schmeichelt. Wir zeigen Ihnen, wie Sie mit Make-up und Kleidung Ihre Schokoladenseiten betonen.<br \/>\nUnser Ziel ist es, Ihr Inneres und \u00c4u\u00dferes in Einklang zu bringen. Oft verstellt uns ein falsches Selbstbild den Blick auf unsere wahre Natur. Mit der Kraft der Farben k\u00f6nnen Sie sich ganz neu erfahren und Ihre individuelle Sch\u00f6nheit erkennen. Spielen Sie mit ungeahnten M\u00f6glichkeiten, profitieren Sie von unserem Know-how und genie\u00dfen Sie es, Ihr gesamtes Potenzial zu entfalten. Sie werden es sehen, f\u00fchlen und ausstrahlen. Wir begleiten Sie auf dieser spannenden Reise zu sich selbst. Wenn Sie Ihre Farben, Formen und Proportionen kennen, wird sich Ihnen der Zauber dieser einmaligen Mischung enth\u00fcllen. Sie werden eine Stimmigkeit erleben, die auch andere beeindruckt. Wann immer der n\u00e4chste Schritt f\u00fcr Sie ansteht, freuen wir uns, ihn gemeinsam mit Ihnen zu gehen. Lassen Sie sich von uns \u00fcberraschen!<\/span><\/p>\n","protected":false},"excerpt":{"rendered":"<p>Unsere Philosophie Jeder ist einmalig. Die Kunst besteht darin, diese Einzigartigkeit sichtbar zu machen. Entdecken Sie Ihren ganz pers\u00f6nlichen Ausdruck und bekennen Sie Farbe! Mit unserer speziell entwickelten Farbtechnik kreieren wir Haarfarben, die perfekt zu Ihrem Farbtyp passen. Wir setzen die richtigen Akzente und finden einen Haarschnitt, der Ihrer Gesichtsform&hellip; <\/p>\n","protected":false},"author":1,"featured_media":178,"parent":0,"menu_order":0,"comment_status":"closed","ping_status":"closed","template":"","meta":{"footnotes":""},"class_list":["post-13","page","type-page","status-publish","has-post-thumbnail","hentry"],"_links":{"self":[{"href":"http:\/\/www.paris-chic.de\/index.php?rest_route=\/wp\/v2\/pages\/13","targetHints":{"allow":["GET"]}}],"collection":[{"href":"http:\/\/www.paris-chic.de\/index.php?rest_route=\/wp\/v2\/pages"}],"about":[{"href":"http:\/\/www.paris-chic.de\/index.php?rest_route=\/wp\/v2\/types\/page"}],"author":[{"embeddable":true,"href":"http:\/\/www.paris-chic.de\/index.php?rest_route=\/wp\/v2\/users\/1"}],"replies":[{"embeddable":true,"href":"http:\/\/www.paris-chic.de\/index.php?rest_route=%2Fwp%2Fv2%2Fcomments&post=13"}],"version-history":[{"count":2,"href":"http:\/\/www.paris-chic.de\/index.php?rest_route=\/wp\/v2\/pages\/13\/revisions"}],"predecessor-version":[{"id":16,"href":"http:\/\/www.paris-chic.de\/index.php?rest_route=\/wp\/v2\/pages\/13\/revisions\/16"}],"wp:featuredmedia":[{"embeddable":true,"href":"http:\/\/www.paris-chic.de\/index.php?rest_route=\/wp\/v2\/media\/178"}],"wp:attachment":[{"href":"http:\/\/www.paris-chic.de\/index.php?rest_route=%2Fwp%2Fv2%2Fmedia&parent=13"}],"curies":[{"name":"wp","href":"https:\/\/api.w.org\/{rel}","templated":true}]}}